{"id":129,"date":"2026-02-11T18:36:54","date_gmt":"2026-02-11T18:36:54","guid":{"rendered":"http:\/\/malbrrp.cluster100.hosting.ovh.net\/?page_id=129"},"modified":"2026-03-06T15:12:53","modified_gmt":"2026-03-06T14:12:53","slug":"accueil","status":"publish","type":"page","link":"https:\/\/evolvecompetences.fr\/","title":{"rendered":"Accueil"},"content":{"rendered":"\n<div class=\"wp-block-uagb-container uagb-block-ckzfbaad alignfull uagb-is-root-container\"><div class=\"uagb-container-inner-blocks-wrap\">\n<div class=\"wp-block-uagb-container uagb-block-d96f349c\">\n<div class=\"wp-block-uagb-info-box uagb-block-b0c6f250 uagb-infobox__content-wrap  uagb-infobox-icon-below-title uagb-infobox-image-valign-top\"><div class=\"uagb-ifb-content\"><div class=\"uagb-ifb-title-wrap\"><h2 class=\"uagb-ifb-title\">Formation &amp; Consulting<\/h2><\/div><p class=\"uagb-ifb-desc\">Accompagner votre entreprise vers la r\u00e9ussite gr\u00e2ce \u00e0 des formations cibl\u00e9es, des coachings sur mesure et des conseils d\u2019experts adapt\u00e9s \u00e0 vos enjeux.<\/p><\/div><\/div>\n<\/div>\n<\/div><\/div>\n\n\n\n<div class=\"wp-block-columns is-layout-flex wp-container-core-columns-is-layout-28f84493 wp-block-columns-is-layout-flex\">\n<div class=\"wp-block-column is-layout-flow wp-block-column-is-layout-flow\">\n<div class=\"wp-block-uagb-info-box uagb-block-ce63aedd uagb-infobox__content-wrap  uagb-infobox-icon-above-title uagb-infobox-image-valign-top\"><div class=\"uagb-ifb-content\"><div class=\"uagb-ifb-title-wrap\"><h2 class=\"uagb-ifb-title\">Qui sommes-nous ?<\/h2><\/div><p class=\"uagb-ifb-desc\">Evolve Comp\u00e9tences est n\u00e9e d\u2019un constat simple : dans l\u2019apr\u00e8s-vente automobile, la performance ne peut plus reposer uniquement sur les process, les indicateurs et le contr\u00f4le.<br>Les ateliers et concessions \u00e9voluent dans un environnement exigeant : pression sur les r\u00e9sultats, p\u00e9nurie de comp\u00e9tences, turn-over \u00e9lev\u00e9 et attentes collaborateurs en pleine \u00e9volution. Dans ce contexte, les organisations qui r\u00e9ussissent durablement sont celles qui placent l\u2019humain, l\u2019organisation et le sens au c\u0153ur de leur fonctionnement.<br><br><br>Pour r\u00e9pondre \u00e0 ces enjeux, nous accompagnons les managers et les \u00e9quipes apr\u00e8s-vente dans la structuration de leurs pratiques, le d\u00e9veloppement de leur leadership et l\u2019am\u00e9lioration de leurs performances.<br>Notre approche repose sur des formations et des coachings sur mesure, concrets, pragmatiques et directement applicables sur le terrain, afin de g\u00e9n\u00e9rer des r\u00e9sultats durables et mesurables.<\/p><\/div><\/div>\n<\/div>\n<\/div>\n\n\n\n<div class=\"wp-block-uagb-container uagb-block-3ffd4c15 alignfull uagb-is-root-container\"><div class=\"uagb-container-inner-blocks-wrap\">\n<div class=\"wp-block-uagb-container uagb-block-e198ad09\">\n<div class=\"wp-block-uagb-info-box uagb-block-a7fa0bee uagb-infobox__content-wrap  uagb-infobox-icon-above-title uagb-infobox-image-valign-top\"><div class=\"uagb-ifb-content\"><div class=\"uagb-ifb-title-wrap\"><h3 class=\"uagb-ifb-title\">Expertise terrain<\/h3><\/div><p class=\"uagb-ifb-desc\">Les interventions reposent sur une connaissance concr\u00e8te des environnements techniques exigeants : ateliers automobiles, poids lourd, agricoles et deux-roues.<br>Les r\u00e9alit\u00e9s du quotidien sont int\u00e9gr\u00e9es d\u00e8s la conception des actions : contraintes de production, pression sur les d\u00e9lais, exigences de qualit\u00e9, s\u00e9curit\u00e9 des \u00e9quipes et attentes clients.<br><br>Chaque d\u00e9marche vise une mise en application imm\u00e9diate, en tenant compte des enjeux humains, organisationnels et \u00e9conomiques propres \u00e0 chaque structure.<\/p><\/div><\/div>\n<\/div>\n\n\n\n<div class=\"wp-block-uagb-container uagb-block-c04c9eab\">\n<div class=\"wp-block-uagb-image uagb-block-4c23b196 wp-block-uagb-image--layout-default wp-block-uagb-image--effect-static wp-block-uagb-image--align-none\"><figure class=\"wp-block-uagb-image__figure\"><img decoding=\"async\" srcset=\"https:\/\/evolvecompetences.fr\/wp-content\/uploads\/2026\/02\/ChatGPT-Image-10-fevr.-2026-15_47_48-683x1024.png ,https:\/\/evolvecompetences.fr\/wp-content\/uploads\/2026\/02\/ChatGPT-Image-10-fevr.-2026-15_47_48.png 780w, https:\/\/evolvecompetences.fr\/wp-content\/uploads\/2026\/02\/ChatGPT-Image-10-fevr.-2026-15_47_48.png 360w\" sizes=\"auto, (max-width: 480px) 150px\" src=\"https:\/\/evolvecompetences.fr\/wp-content\/uploads\/2026\/02\/ChatGPT-Image-10-fevr.-2026-15_47_48-683x1024.png\" alt=\"\" class=\"uag-image-164\" width=\"683\" height=\"1024\" title=\"ChatGPT Image 10 f\u00e9vr. 2026, 15_47_48\" loading=\"lazy\" role=\"img\"\/><\/figure><\/div>\n<\/div>\n<\/div><\/div>\n\n\n\n<div class=\"wp-block-uagb-container uagb-block-078a1b51 alignfull uagb-is-root-container\"><div class=\"uagb-container-inner-blocks-wrap\">\n<div class=\"wp-block-uagb-container uagb-block-c6309d0f\">\n<div class=\"wp-block-uagb-image uagb-block-642052d1 wp-block-uagb-image--layout-default wp-block-uagb-image--effect-static wp-block-uagb-image--align-none\"><figure class=\"wp-block-uagb-image__figure\"><img decoding=\"async\" srcset=\"https:\/\/evolvecompetences.fr\/wp-content\/uploads\/2026\/02\/ChatGPT-Image-10-fevr.-2026-15_49_05-2-683x1024.png ,https:\/\/evolvecompetences.fr\/wp-content\/uploads\/2026\/02\/ChatGPT-Image-10-fevr.-2026-15_49_05-2-683x1024.png 780w, https:\/\/evolvecompetences.fr\/wp-content\/uploads\/2026\/02\/ChatGPT-Image-10-fevr.-2026-15_49_05-2-683x1024.png 360w\" sizes=\"auto, (max-width: 480px) 150px\" src=\"https:\/\/evolvecompetences.fr\/wp-content\/uploads\/2026\/02\/ChatGPT-Image-10-fevr.-2026-15_49_05-2-683x1024.png\" alt=\"\" class=\"uag-image-163\" width=\"683\" height=\"1024\" title=\"ChatGPT Image 10 f\u00e9vr. 2026, 15_49_05\" loading=\"lazy\" role=\"img\"\/><\/figure><\/div>\n<\/div>\n\n\n\n<div class=\"wp-block-uagb-container uagb-block-0c4e784f\">\n<div class=\"wp-block-uagb-info-box uagb-block-8353fa29 uagb-infobox__content-wrap  uagb-infobox-icon-above-title uagb-infobox-image-valign-top\"><div class=\"uagb-ifb-content\"><div class=\"uagb-ifb-title-wrap\"><h3 class=\"uagb-ifb-title\">Formation et Coaching sur mesure<\/h3><\/div><p class=\"uagb-ifb-desc\">Chaque organisation poss\u00e8de ses sp\u00e9cificit\u00e9s, ses d\u00e9fis et sa culture manag\u00e9riale. Les dispositifs propos\u00e9s sont donc construits \u00e0 partir d\u2019un diagnostic pr\u00e9cis afin de r\u00e9pondre aux besoins r\u00e9els du terrain.<br><br>Les formations d\u00e9veloppent des comp\u00e9tences directement mobilisables et renforcent les fondamentaux du management et de l\u2019organisation.<br><br>Le coaching accompagne les managers et les \u00e9quipes dans la mise en \u0153uvre concr\u00e8te des \u00e9volutions, favorisant l\u2019ancrage durable des nouvelles pratiques.<br>Une d\u00e9marche structur\u00e9e, personnalis\u00e9e et orient\u00e9e performance.<\/p><\/div><\/div>\n<\/div>\n<\/div><\/div>\n\n\n\n<div class=\"wp-block-uagb-container uagb-block-26436ef1 alignfull uagb-is-root-container\"><div class=\"uagb-container-inner-blocks-wrap\">\n<div class=\"wp-block-uagb-container uagb-block-b99f234b\">\n<div class=\"wp-block-uagb-info-box uagb-block-e629e656 uagb-infobox__content-wrap  uagb-infobox-icon-above-title uagb-infobox-image-valign-top\"><div class=\"uagb-ifb-content\"><div class=\"uagb-ifb-title-wrap\"><h3 class=\"uagb-ifb-title\">Une expertise au service de tous les univers techniques<\/h3><\/div><p class=\"uagb-ifb-desc\">Automobile, poids lourd, machinisme agricole et deux-roues : des secteurs diff\u00e9rents, mais des enjeux communs.<br>Performance des ateliers, organisation des \u00e9quipes, mont\u00e9e en comp\u00e9tence des encadrants, fid\u00e9lisation des collaborateurs : les leviers d\u2019am\u00e9lioration sont transversaux.<br>L\u2019accompagnement s\u2019adapte aux sp\u00e9cificit\u00e9s de chaque m\u00e9tier tout en conservant une m\u00e9thode claire et structur\u00e9e, capable de g\u00e9n\u00e9rer des r\u00e9sultats mesurables et durables.<\/p><\/div><\/div>\n<\/div>\n\n\n\n<div class=\"wp-block-uagb-container uagb-block-23d0c908\">\n<div class=\"wp-block-uagb-image uagb-block-aa03b231 wp-block-uagb-image--layout-default wp-block-uagb-image--effect-static wp-block-uagb-image--align-none\"><figure class=\"wp-block-uagb-image__figure\"><img decoding=\"async\" srcset=\"https:\/\/evolvecompetences.fr\/wp-content\/uploads\/2026\/02\/ChatGPT-Image-13-fevr.-2026-16_59_17-1024x683.png ,https:\/\/evolvecompetences.fr\/wp-content\/uploads\/2026\/02\/ChatGPT-Image-13-fevr.-2026-16_59_17.png 780w, https:\/\/evolvecompetences.fr\/wp-content\/uploads\/2026\/02\/ChatGPT-Image-13-fevr.-2026-16_59_17.png 360w\" sizes=\"auto, (max-width: 480px) 150px\" src=\"https:\/\/evolvecompetences.fr\/wp-content\/uploads\/2026\/02\/ChatGPT-Image-13-fevr.-2026-16_59_17-1024x683.png\" alt=\"\" class=\"uag-image-197\" width=\"1024\" height=\"683\" title=\"ChatGPT Image 13 f\u00e9vr. 2026, 16_59_17\" loading=\"lazy\" role=\"img\"\/><\/figure><\/div>\n<\/div>\n<\/div><\/div>\n\n\n\n<div class=\"wp-block-uagb-container uagb-block-nkaa40st alignfull uagb-is-root-container\"><div class=\"uagb-container-inner-blocks-wrap\">\n<div class=\"wp-block-uagb-container uagb-block-3kt77zb1\">\n<div class=\"wp-block-uagb-info-box uagb-block-uze1zka7 uagb-infobox__content-wrap  uagb-infobox-icon-above-title uagb-infobox-image-valign-top\"><div class=\"uagb-ifb-content\"><div class=\"uagb-ifb-title-wrap\"><h2 class=\"uagb-ifb-title\">Des chiffres qui parlent<\/h2><\/div><\/div><\/div>\n\n\n\n<div class=\"wp-block-uagb-info-box uagb-block-adn5tj4b uagb-infobox__content-wrap  uagb-infobox-icon-above-title uagb-infobox-image-valign-top\"><div class=\"uagb-ifb-content\"><div class=\"uagb-ifb-title-wrap\"><\/div><p class=\"uagb-ifb-desc\">Des performances valid\u00e9es par l\u2019exp\u00e9rience et la satisfaction des \u00e9quipes accompagn\u00e9es..<\/p><\/div><\/div>\n<\/div>\n\n\n\n<div class=\"wp-block-uagb-container uagb-block-qvzqws5r\">\n<div class=\"wp-block-uagb-info-box uagb-block-r8tuliue uagb-infobox__content-wrap  uagb-infobox-icon-above-title uagb-infobox-image-valign-top\"><div class=\"uagb-ifb-content\"><div class=\"uagb-ifb-title-wrap\"><h3 class=\"uagb-ifb-title\">20+<\/h3><\/div><p class=\"uagb-ifb-desc\"><strong>Concessions accompagn\u00e9es<\/strong><br>Des structures automobiles, poids lourd et agricoles soutenues dans leur performance op\u00e9rationnelle.<\/p><\/div><\/div>\n\n\n\n<div class=\"wp-block-uagb-info-box uagb-block-sffypt3s uagb-infobox__content-wrap  uagb-infobox-icon-above-title uagb-infobox-image-valign-top\"><div class=\"uagb-ifb-content\"><div class=\"uagb-ifb-title-wrap\"><h3 class=\"uagb-ifb-title\">95,7%<\/h3><\/div><p class=\"uagb-ifb-desc\"><strong>NPS Recommandation client<\/strong><br>Un niveau de satisfaction \u00e9lev\u00e9, reflet de la qualit\u00e9 et de l\u2019impact des accompagnements.<\/p><\/div><\/div>\n\n\n\n<div class=\"wp-block-uagb-info-box uagb-block-sqvbgbeu uagb-infobox__content-wrap  uagb-infobox-icon-above-title uagb-infobox-image-valign-top\"><div class=\"uagb-ifb-content\"><div class=\"uagb-ifb-title-wrap\"><h3 class=\"uagb-ifb-title\">400+<\/h3><\/div><p class=\"uagb-ifb-desc\"><strong>Heures de formation et de coaching<\/strong><br>Des interventions concr\u00e8tes, directement applicables en atelier et en management.<\/p><\/div><\/div>\n<\/div>\n\n\n\n<div class=\"wp-block-uagb-advanced-heading uagb-block-ed73bc74\"><h3 class=\"uagb-heading-text\">Avis Client<\/h3><\/div>\n\n\n\n<div class=\"wp-block-uagb-container uagb-block-b70bbde2\">\n<div class=\"wp-block-uagb-star-rating uagb-block-ecf6065a\"><p class=\"uag-star-rating__title\">\u00ab\u00a0Ces 2 jours de formation on \u00e9t\u00e9 tr\u00e8s enrichissant, formateur r\u00e9ellement motiv\u00e9 a nous faire avancer dans nos d\u00e9marches .\u00a0\u00bb<\/p><div class=\"uag-star-rating\" title=\"5\/5\"><span class=\"uag-star\">\u2605<\/span><span class=\"uag-star\">\u2605<\/span><span class=\"uag-star\">\u2605<\/span><span class=\"uag-star\">\u2605<\/span><span class=\"uag-star\">\u2605<\/span><\/div><\/div>\n<\/div>\n\n\n\n<div class=\"wp-block-uagb-star-rating uagb-block-a21bd00b\"><p class=\"uag-star-rating__title\">\u00ab\u00a0Bonne adaptation du contenu de la formation aux probl\u00e9matiques du milieu agricole.\u00a0\u00bb<\/p><div class=\"uag-star-rating\" title=\"4\/5\"><span class=\"uag-star\">\u2605<\/span><span class=\"uag-star\">\u2605<\/span><span class=\"uag-star\">\u2605<\/span><span class=\"uag-star\">\u2605<\/span><span class=\"uag-star\">\u2605<\/span><\/div><\/div>\n<\/div><\/div>\n\n\n\n<div class=\"wp-block-uagb-container uagb-block-phnn7jyx alignfull uagb-is-root-container\"><div class=\"uagb-container-inner-blocks-wrap\">\n<div class=\"wp-block-uagb-buttons uagb-buttons__outer-wrap uagb-btn__default-btn uagb-btn-tablet__default-btn uagb-btn-mobile__default-btn uagb-block-a7meoypd\"><div class=\"uagb-buttons__wrap uagb-buttons-layout-wrap \">\n<div class=\"wp-block-uagb-buttons-child uagb-buttons__outer-wrap uagb-block-lf0gqyck wp-block-button\"><div class=\"uagb-button__wrapper\"><a class=\"uagb-buttons-repeater wp-block-button__link\" aria-label=\"\" href=\"index.php\/formation\/\" rel=\"follow noopener\" target=\"_self\" role=\"button\"><div class=\"uagb-button__link\">Nos formations<\/div><\/a><\/div><\/div>\n<\/div><\/div>\n<\/div><\/div>\n\n\n\n<div class=\"wp-block-uagb-container uagb-block-a0409a8b alignfull uagb-is-root-container\"><div class=\"uagb-container-inner-blocks-wrap\">\n<div class=\"wp-block-uagb-buttons uagb-buttons__outer-wrap uagb-btn__default-btn uagb-btn-tablet__default-btn uagb-btn-mobile__default-btn uagb-block-2d656a5f\"><div class=\"uagb-buttons__wrap uagb-buttons-layout-wrap \">\n<div class=\"wp-block-uagb-buttons-child uagb-buttons__outer-wrap uagb-block-bbd682c0 wp-block-button\"><div class=\"uagb-button__wrapper\"><a class=\"uagb-buttons-repeater wp-block-button__link\" aria-label=\"\" href=\"index.php\/contact\/\" rel=\"follow noopener\" target=\"_self\" role=\"button\"><div class=\"uagb-button__link\">Contactez-nous<\/div><\/a><\/div><\/div>\n<\/div><\/div>\n<\/div><\/div>\n\n\n\n<div class=\"wp-block-group alignfull has-background-color has-white-color has-black-background-color has-text-color has-background has-link-color wp-elements-546734753687483397d7bb5f9ac1f5c0 is-vertical is-content-justification-stretch is-layout-flex wp-container-core-group-is-layout-48a3dbfb wp-block-group-is-layout-flex\" style=\"min-height:40vh;margin-top:0;margin-bottom:0;padding-top:var(--wp--preset--spacing--60);padding-right:var(--wp--preset--spacing--40);padding-bottom:var(--wp--preset--spacing--60);padding-left:var(--wp--preset--spacing--40)\">\n<div class=\"wp-block-columns alignwide has-small-font-size is-layout-flex wp-container-core-columns-is-layout-28f84493 wp-block-columns-is-layout-flex\">\n<div class=\"wp-block-column is-layout-flow wp-block-column-is-layout-flow\">\n<p class=\"has-text-align-center\">Location<\/p>\n\n\n\n<p class=\"has-text-align-center\">9 all\u00e9e de la Reine Margot 44000 Nantes<\/p>\n\n\n\n<div style=\"height:24px\" aria-hidden=\"true\" class=\"wp-block-spacer\"><\/div>\n<\/div>\n\n\n\n<div class=\"wp-block-column is-layout-flow wp-block-column-is-layout-flow\">\n<p class=\"has-text-align-center\">Pages<\/p>\n\n\n<nav class=\"has-small-font-size items-justified-center is-vertical no-wrap wp-block-navigation is-content-justification-center is-nowrap is-layout-flex wp-container-core-navigation-is-layout-34a3ecb2 wp-block-navigation-is-layout-flex\" aria-label=\"Navigation\"><ul class=\"wp-block-navigation__container has-small-font-size items-justified-center is-vertical no-wrap wp-block-navigation has-small-font-size\"><ul class=\"has-small-font-size wp-block-page-list\"><li class=\"wp-block-pages-list__item wp-block-navigation-item open-on-hover-click menu-item-home\"><a class=\"wp-block-pages-list__item__link wp-block-navigation-item__content\" href=\"https:\/\/evolvecompetences.fr\/\">Accueil<\/a><\/li><li class=\"wp-block-pages-list__item wp-block-navigation-item open-on-hover-click\"><a class=\"wp-block-pages-list__item__link wp-block-navigation-item__content\" href=\"https:\/\/evolvecompetences.fr\/index.php\/contact\/\">Contact<\/a><\/li><li class=\"wp-block-pages-list__item wp-block-navigation-item open-on-hover-click\"><a class=\"wp-block-pages-list__item__link wp-block-navigation-item__content\" href=\"https:\/\/evolvecompetences.fr\/index.php\/formation\/\">Formation<\/a><\/li><li class=\"wp-block-pages-list__item wp-block-navigation-item open-on-hover-click\"><a class=\"wp-block-pages-list__item__link wp-block-navigation-item__content\" href=\"https:\/\/evolvecompetences.fr\/index.php\/notre-methode\/\">Notre Methode<\/a><\/li><\/ul><\/ul><\/nav>\n\n\n<div style=\"height:24px\" aria-hidden=\"true\" class=\"wp-block-spacer\"><\/div>\n<\/div>\n\n\n\n<div class=\"wp-block-column is-layout-flow wp-block-column-is-layout-flow\">\n<p class=\"has-text-align-center\">Follow us<\/p>\n\n\n\n<div style=\"height:24px\" aria-hidden=\"true\" class=\"wp-block-spacer\"><\/div>\n<\/div>\n<\/div>\n\n\n\n<div class=\"wp-block-group alignwide is-content-justification-center is-layout-flex wp-container-core-group-is-layout-c124d1c4 wp-block-group-is-layout-flex\">\n<p class=\"has-text-align-center has-small-font-size\"><\/p>\n<\/div>\n<\/div>\n\n\n\n<div class=\"wp-block-uagb-container uagb-block-6c234f31 alignfull uagb-is-root-container\"><div class=\"uagb-container-inner-blocks-wrap\">\n<div class=\"wp-block-uagb-container uagb-block-db96bdc6\"><\/div>\n\n\n\n<div class=\"wp-block-uagb-container uagb-block-acb347f3\"><\/div>\n<\/div><\/div>\n\n\n\n<p><\/p>\n","protected":false},"excerpt":{"rendered":"<p>Avis Client Location 9 all\u00e9e de la Reine Margot 44000 Nantes Pages Follow us<\/p>\n","protected":false},"author":1,"featured_media":0,"parent":0,"menu_order":0,"comment_status":"closed","ping_status":"closed","template":"","meta":{"_uag_custom_page_level_css":"","site-sidebar-layout":"default","site-content-layout":"","ast-site-content-layout":"default","site-content-style":"default","site-sidebar-style":"default","ast-global-header-display":"","ast-banner-title-visibility":"","ast-main-header-display":"","ast-hfb-above-header-display":"","ast-hfb-below-header-display":"","ast-hfb-mobile-header-display":"","site-post-title":"disabled","ast-breadcrumbs-content":"","ast-featured-img":"","footer-sml-layout":"","ast-disable-related-posts":"","theme-transparent-header-meta":"","adv-header-id-meta":"","stick-header-meta":"","header-above-stick-meta":"","header-main-stick-meta":"","header-below-stick-meta":"","astra-migrate-meta-layouts":"default","ast-page-background-enabled":"default","ast-page-background-meta":{"desktop":{"background-color":"var(--ast-global-color-5)","background-image":"","background-repeat":"repeat","background-position":"center center","background-size":"auto","background-attachment":"scroll","background-type":"","background-media":"","overlay-type":"","overlay-color":"","overlay-opacity":"","overlay-gradient":""},"tablet":{"background-color":"","background-image":"","background-repeat":"repeat","background-position":"center center","background-size":"auto","background-attachment":"scroll","background-type":"","background-media":"","overlay-type":"","overlay-color":"","overlay-opacity":"","overlay-gradient":""},"mobile":{"background-color":"","background-image":"","background-repeat":"repeat","background-position":"center center","background-size":"auto","background-attachment":"scroll","background-type":"","background-media":"","overlay-type":"","overlay-color":"","overlay-opacity":"","overlay-gradient":""}},"ast-content-background-meta":{"desktop":{"background-color":"var(--ast-global-color-4)","background-image":"","background-repeat":"repeat","background-position":"center center","background-size":"auto","background-attachment":"scroll","background-type":"","background-media":"","overlay-type":"","overlay-color":"","overlay-opacity":"","overlay-gradient":""},"tablet":{"background-color":"var(--ast-global-color-4)","background-image":"","background-repeat":"repeat","background-position":"center center","background-size":"auto","background-attachment":"scroll","background-type":"","background-media":"","overlay-type":"","overlay-color":"","overlay-opacity":"","overlay-gradient":""},"mobile":{"background-color":"var(--ast-global-color-4)","background-image":"","background-repeat":"repeat","background-position":"center center","background-size":"auto","background-attachment":"scroll","background-type":"","background-media":"","overlay-type":"","overlay-color":"","overlay-opacity":"","overlay-gradient":""}},"_kadence_starter_templates_imported_post":false,"footnotes":""},"class_list":["post-129","page","type-page","status-publish","hentry"],"uagb_featured_image_src":{"full":false,"thumbnail":false,"medium":false,"medium_large":false,"large":false,"1536x1536":false,"2048x2048":false},"uagb_author_info":{"display_name":"admin1069","author_link":"https:\/\/evolvecompetences.fr\/index.php\/author\/admin1069\/"},"uagb_comment_info":0,"uagb_excerpt":"Avis Client Location 9 all\u00e9e de la Reine Margot 44000 Nantes Pages Follow us","_links":{"self":[{"href":"https:\/\/evolvecompetences.fr\/index.php\/wp-json\/wp\/v2\/pages\/129","targetHints":{"allow":["GET"]}}],"collection":[{"href":"https:\/\/evolvecompetences.fr\/index.php\/wp-json\/wp\/v2\/pages"}],"about":[{"href":"https:\/\/evolvecompetences.fr\/index.php\/wp-json\/wp\/v2\/types\/page"}],"author":[{"embeddable":true,"href":"https:\/\/evolvecompetences.fr\/index.php\/wp-json\/wp\/v2\/users\/1"}],"replies":[{"embeddable":true,"href":"https:\/\/evolvecompetences.fr\/index.php\/wp-json\/wp\/v2\/comments?post=129"}],"version-history":[{"count":44,"href":"https:\/\/evolvecompetences.fr\/index.php\/wp-json\/wp\/v2\/pages\/129\/revisions"}],"predecessor-version":[{"id":265,"href":"https:\/\/evolvecompetences.fr\/index.php\/wp-json\/wp\/v2\/pages\/129\/revisions\/265"}],"wp:attachment":[{"href":"https:\/\/evolvecompetences.fr\/index.php\/wp-json\/wp\/v2\/media?parent=129"}],"curies":[{"name":"wp","href":"https:\/\/api.w.org\/{rel}","templated":true}]}}