{"id":184,"date":"2026-02-11T18:37:07","date_gmt":"2026-02-11T18:37:07","guid":{"rendered":"http:\/\/malbrrp.cluster100.hosting.ovh.net\/?page_id=184"},"modified":"2026-03-06T15:36:22","modified_gmt":"2026-03-06T14:36:22","slug":"contact","status":"publish","type":"page","link":"https:\/\/evolvecompetences.fr\/index.php\/contact\/","title":{"rendered":"Contact"},"content":{"rendered":"\n<p><\/p>\n\n\n\n<div class=\"wp-block-uagb-container uagb-block-cyclzgbx alignfull uagb-is-root-container\"><div class=\"uagb-container-inner-blocks-wrap\">\n<div class=\"wp-block-uagb-info-box uagb-block-x2cawfkj uagb-infobox__content-wrap  uagb-infobox-icon-above-title uagb-infobox-image-valign-top\"><div class=\"uagb-ifb-content\"><div class=\"uagb-ifb-title-wrap\"><h2 class=\"uagb-ifb-title\">Contactez-nous<\/h2><\/div><p class=\"uagb-ifb-desc\">Parlons ensemble de vos enjeux et de vos objectifs.<\/p><\/div><\/div>\n\n\n\n<div class=\"wp-block-uagb-container uagb-block-gmkph5iy\">\n<div class=\"wp-block-uagb-forms uagb-forms__outer-wrap uagb-block-xvhqevyx uagb-forms__default-btn\"><form class=\"uagb-forms-main-form\" method=\"post\" autocomplete=\"on\" name=\"uagb-form-xvhqevyx\">\n<div class=\"wp-block-uagb-forms-name uagb-forms-name-wrap uagb-forms-field-set uagb-block-dpkie4yj uag-col-2\"><div class=\"uagb-forms-name-label required uagb-forms-input-label\" id=\"dpkie4yj\">Raison sociale<\/div><input type=\"text\" placeholder=\"\" required class=\"uagb-forms-name-input uagb-forms-input\" name=\"dpkie4yj\" autocomplete=\"organization\"\/><\/div>\n\n\n\n<div class=\"wp-block-uagb-forms-name uagb-forms-name-wrap uagb-forms-field-set uagb-block-p9zrrpey uag-col-2\"><div class=\"uagb-forms-name-label required uagb-forms-input-label\" id=\"p9zrrpey\">Nom du contact<\/div><input type=\"text\" placeholder=\"\" required class=\"uagb-forms-name-input uagb-forms-input\" name=\"p9zrrpey\" autocomplete=\"username\"\/><\/div>\n\n\n\n<div class=\"wp-block-uagb-forms-email uagb-forms-email-wrap uagb-forms-field-set uagb-block-jjypigqa\"><div class=\"uagb-forms-email-label required uagb-forms-input-label\" id=\"jjypigqa\">Email<\/div><input type=\"email\" class=\"uagb-forms-email-input uagb-forms-input\" placeholder=\"\" required name=\"jjypigqa\" autocomplete=\"email\"\/><\/div>\n\n\n\n<div class=\"wp-block-uagb-forms-textarea uagb-forms-textarea-wrap uagb-forms-field-set uagb-block-005ekqxr\"><div class=\"uagb-forms-textarea-label required uagb-forms-input-label\" id=\"005ekqxr\">Message<\/div><textarea required class=\"uagb-forms-textarea-input uagb-forms-input\" rows=\"6\" placeholder=\"\" name=\"005ekqxr\" autocomplete=\"off\"><\/textarea><\/div>\n<div class=\"uagb-forms-form-hidden-data\"><input type=\"hidden\" id=\"g-recaptcha-response\" class=\"uagb-forms-recaptcha\"\/><input type=\"hidden\" class=\"uagb_forms_form_label\" value=\"Spectra Form\"\/><input type=\"hidden\" class=\"uagb_forms_form_id\" value=\"uagb-form-xvhqevyx\"\/><\/div><div class=\"g-recaptcha uagb-forms-field-set\" data-sitekey=\"\"><\/div><div class=\"uagb-form-reacaptcha-error-xvhqevyx\"><\/div><div class=\"uagb-forms-main-submit-button-wrap wp-block-button\"><button class=\"uagb-forms-main-submit-button wp-block-button__link\"><div class=\"uagb-forms-main-submit-button-text\">Envoyer la demande<\/div><\/button><\/div><\/form><div class=\"uagb-forms-success-message-xvhqevyx uagb-forms-submit-message-hide\"><span>Merci pour votre message. Nous revenons vers vous rapidement afin d\u2019\u00e9changer sur vos besoins.<\/span><\/div><div class=\"uagb-forms-failed-message-xvhqevyx uagb-forms-submit-message-hide\"><span>Une erreur est survenue lors de l\u2019envoi du formulaire. Merci de v\u00e9rifier les champs et de r\u00e9essayer.<\/span><\/div><\/div>\n\n\n\n<div class=\"wp-block-uagb-separator uagb-block-b764edad\"><div class=\"wp-block-uagb-separator__inner\" style=\"--my-background-image:\"><\/div><\/div>\n\n\n\n<p style=\"font-size:7px\">\u201cLes informations recueillies via ce formulaire sont utilis\u00e9es uniquement pour r\u00e9pondre \u00e0 votre demande. Elles sont conserv\u00e9es 12 mois maximum. Vous pouvez exercer vos droits RGPD en \u00e9crivant \u00e0 <a>emilien.valeau@evolvecompetences.fr<\/a>\u00ab\u00a0<\/p>\n<\/div>\n<\/div><\/div>\n","protected":false},"excerpt":{"rendered":"<p>\u201cLes informations recueillies via ce formulaire sont utilis\u00e9es uniquement pour r\u00e9pondre \u00e0 votre demande. Elles sont conserv\u00e9es 12 mois maximum. [&hellip;]<\/p>\n","protected":false},"author":1,"featured_media":0,"parent":0,"menu_order":0,"comment_status":"closed","ping_status":"closed","template":"","meta":{"_uag_custom_page_level_css":"","site-sidebar-layout":"default","site-content-layout":"","ast-site-content-layout":"default","site-content-style":"default","site-sidebar-style":"default","ast-global-header-display":"","ast-banner-title-visibility":"","ast-main-header-display":"","ast-hfb-above-header-display":"","ast-hfb-below-header-display":"","ast-hfb-mobile-header-display":"","site-post-title":"disabled","ast-breadcrumbs-content":"","ast-featured-img":"","footer-sml-layout":"","ast-disable-related-posts":"","theme-transparent-header-meta":"","adv-header-id-meta":"","stick-header-meta":"","header-above-stick-meta":"","header-main-stick-meta":"","header-below-stick-meta":"","astra-migrate-meta-layouts":"default","ast-page-background-enabled":"default","ast-page-background-meta":{"desktop":{"background-color":"var(--ast-global-color-5)","background-image":"","background-repeat":"repeat","background-position":"center center","background-size":"auto","background-attachment":"scroll","background-type":"","background-media":"","overlay-type":"","overlay-color":"","overlay-opacity":"","overlay-gradient":""},"tablet":{"background-color":"","background-image":"","background-repeat":"repeat","background-position":"center center","background-size":"auto","background-attachment":"scroll","background-type":"","background-media":"","overlay-type":"","overlay-color":"","overlay-opacity":"","overlay-gradient":""},"mobile":{"background-color":"","background-image":"","background-repeat":"repeat","background-position":"center center","background-size":"auto","background-attachment":"scroll","background-type":"","background-media":"","overlay-type":"","overlay-color":"","overlay-opacity":"","overlay-gradient":""}},"ast-content-background-meta":{"desktop":{"background-color":"var(--ast-global-color-4)","background-image":"","background-repeat":"repeat","background-position":"center center","background-size":"auto","background-attachment":"scroll","background-type":"","background-media":"","overlay-type":"","overlay-color":"","overlay-opacity":"","overlay-gradient":""},"tablet":{"background-color":"var(--ast-global-color-4)","background-image":"","background-repeat":"repeat","background-position":"center center","background-size":"auto","background-attachment":"scroll","background-type":"","background-media":"","overlay-type":"","overlay-color":"","overlay-opacity":"","overlay-gradient":""},"mobile":{"background-color":"var(--ast-global-color-4)","background-image":"","background-repeat":"repeat","background-position":"center center","background-size":"auto","background-attachment":"scroll","background-type":"","background-media":"","overlay-type":"","overlay-color":"","overlay-opacity":"","overlay-gradient":""}},"_kadence_starter_templates_imported_post":false,"footnotes":""},"class_list":["post-184","page","type-page","status-publish","hentry"],"uagb_featured_image_src":{"full":false,"thumbnail":false,"medium":false,"medium_large":false,"large":false,"1536x1536":false,"2048x2048":false},"uagb_author_info":{"display_name":"admin1069","author_link":"https:\/\/evolvecompetences.fr\/index.php\/author\/admin1069\/"},"uagb_comment_info":0,"uagb_excerpt":"\u201cLes informations recueillies via ce formulaire sont utilis\u00e9es uniquement pour r\u00e9pondre \u00e0 votre demande. Elles sont conserv\u00e9es 12 mois maximum. [&hellip;]","_links":{"self":[{"href":"https:\/\/evolvecompetences.fr\/index.php\/wp-json\/wp\/v2\/pages\/184","targetHints":{"allow":["GET"]}}],"collection":[{"href":"https:\/\/evolvecompetences.fr\/index.php\/wp-json\/wp\/v2\/pages"}],"about":[{"href":"https:\/\/evolvecompetences.fr\/index.php\/wp-json\/wp\/v2\/types\/page"}],"author":[{"embeddable":true,"href":"https:\/\/evolvecompetences.fr\/index.php\/wp-json\/wp\/v2\/users\/1"}],"replies":[{"embeddable":true,"href":"https:\/\/evolvecompetences.fr\/index.php\/wp-json\/wp\/v2\/comments?post=184"}],"version-history":[{"count":9,"href":"https:\/\/evolvecompetences.fr\/index.php\/wp-json\/wp\/v2\/pages\/184\/revisions"}],"predecessor-version":[{"id":268,"href":"https:\/\/evolvecompetences.fr\/index.php\/wp-json\/wp\/v2\/pages\/184\/revisions\/268"}],"wp:attachment":[{"href":"https:\/\/evolvecompetences.fr\/index.php\/wp-json\/wp\/v2\/media?parent=184"}],"curies":[{"name":"wp","href":"https:\/\/api.w.org\/{rel}","templated":true}]}}